{"id":315,"date":"2025-01-30T09:05:59","date_gmt":"2025-01-30T08:05:59","guid":{"rendered":"https:\/\/cms.internal.synaxon.de\/synaxon-shop\/?page_id=315"},"modified":"2026-02-13T08:13:18","modified_gmt":"2026-02-13T07:13:18","slug":"ueber-uns","status":"publish","type":"page","link":"https:\/\/marketplace.synaxon.com\/de\/page\/ueber-uns\/","title":{"rendered":"\u00dcber uns"},"content":{"rendered":"<div class=\"wpb-content-wrapper\"><div class=\"vc_row wpb_row vc_row-fluid header-base\" style=\"background: url(\/cms-wp\/files\/2025\/04\/img_ueberuns.png) \"><div class=\"header-img-area wpb_column vc_column_container vc_col-sm-12 vc_col-md-5\" style=\"background: url(https:\/\/marketplace.synaxon.com\/de\/page\/files\/2025\/04\/Ueber-uns_M-Header_1920x1280.jpg.webp) \"><div class=\"vc_column-inner\"><div class=\"wpb_wrapper\"><\/div><\/div><\/div><div class=\"header-text-area wpb_column vc_column_container vc_col-sm-12 vc_col-md-7\"><div class=\"vc_column-inner\"><div class=\"wpb_wrapper\">\n<div class=\"wpb_text_column wpb_content_element  vc_custom_1761902443422\" >\n<div class=\"wpb_wrapper\">\n<h1>\u00dcber uns<\/h1>\n\n<\/div>\n<\/div>\n<\/div><\/div><\/div><\/div><div id=\"intro\" class=\"vc_row wpb_row vc_row-fluid\"><div class=\"wpb_column vc_column_container vc_col-sm-12\"><div class=\"vc_column-inner\"><div class=\"wpb_wrapper\"><div class=\"vc_row wpb_row vc_inner vc_row-fluid spacing vc_custom_1744176449889 vc_row-has-fill vc_column-gap-20 vc_row-o-equal-height vc_row-o-content-top vc_row-flex\"><div class=\"pl-sm-0 wpb_column vc_column_container vc_col-sm-8\"><div class=\"vc_column-inner vc_custom_1764587662289\"><div class=\"wpb_wrapper\">\n<div class=\"wpb_text_column wpb_content_element\" >\n<div class=\"wpb_wrapper\">\n<h2>Wir sind Gamechanger f\u00fcr IT-Dienstleister<\/h2>\n<p><strong>Unabh\u00e4ngig, stark und erfolgreich \u2013 unsere Partner sollen den Fortschritt am IT-Markt meistern.<\/strong><\/p>\n<p>Deshalb haben wir die SYNAXON vor mehr als 30 Jahren in Bielefeld gegr\u00fcndet und verfolgen seitdem hartn\u00e4ckig ein \u00fcbergeordnetes Ziel: Wir wollen es leichter machen. F\u00fcr unsere Partner, Hersteller und Lieferanten, mit denen wir t\u00e4glich zusammenarbeiten und gemeinsam am IT-Markt wachsen. F\u00fcr unsere Mitarbeiter, die jeden Tag aufs Neue mit ihrer Leidenschaft f\u00fcr die IT-Branche ins B\u00fcro kommen. Und f\u00fcr unsere Kunden, mit denen wir neue Wege gehen wollen. Diese Mission treibt uns an und aus diesem Grund bauen wir unsere Leistungen stetig aus.<\/p>\n<p>Heute ist unser Sitz in Schlo\u00df Holte-Stukenbrock und mit mehr als 3.200 Partnern, einem Einkaufsvolumen von mehr als einer Milliarde Euro sowie mehr als 300 Mitarbeitern sind wir die gr\u00f6\u00dfte IT-Verbundgruppe in Europa. Die strategische Ausrichtung unserer Marken deckt den gesamten IT-Markt im B2B-Segment sowie in der SoHo-Zielgruppe ab. Unsere Partner unterst\u00fctzen wir vor allem in den Bereichen Einkauf, Marketing, Wissen und Vernetzung.<\/p>\n<p>Wie? Durch die B\u00fcndelung von Einkaufsstr\u00f6men, Marketingvolumen und Wissen von den selbstst\u00e4ndigen IT-H\u00e4ndler und -Dienstleistern in unserer Verbundgruppe. Das verschafft ihnen als SYNAXON-Partnern Wettbewerbsvorteile in einem sich st\u00e4ndig wandelnden IT-Markt. Au\u00dferdem sorgen wir mit zahlreichen Plattformen f\u00fcr eine optimale Vernetzung aller Stakeholder.<\/p>\n\n<\/div>\n<\/div>\n<a  class=\"btn btn__primary mt-8 mb-10 mb-md-0\" href=\"https:\/\/synaxon.com\/\" target=\"_blank\" title=\"Zur Website\" id=\"\" style=\"width:fit-content;margin: auto;\">Zur Website<\/a><\/div><\/div><\/div><div class=\"white-box wpb_column vc_column_container vc_col-sm-4 vc_col-has-fill\"><div class=\"vc_column-inner vc_custom_1744261688205\"><div class=\"wpb_wrapper\">\n<div class=\"wpb_text_column wpb_content_element\" >\n<div class=\"wpb_wrapper\">\n<h4>Kontakt<\/h4>\n<p>SYNAXON AG<\/p>\n<p>Falkenstra\u00dfe 31<\/p>\n<p>D-33758 Schlo\u00df Holte-Stukenbrock<\/p>\n<p>&nbsp;<\/p>\n<p>Telefon: +49 (0) 52 07 \/ 92 99-200<\/p>\n<p>Telefax: +49 (0) 52 07 \/ 92 99-296<\/p>\n<p>&nbsp;<\/p>\n<p>Web: <a href=\"https:\/\/synaxon.com\" target=\"_blank\" rel=\"noopener\">synaxon.com<\/a><\/p>\n<p>E-Mail: <a href=\"mailto:info@synaxon.de\" target=\"_blank\" rel=\"noopener\">info@synaxon.de<\/a><\/p>\n\n<\/div>\n<\/div>\n<\/div><\/div><\/div><\/div><div class=\"vc_row wpb_row vc_inner vc_row-fluid spacing\"><div class=\"wpb_column vc_column_container vc_col-sm-12\"><div class=\"vc_column-inner\"><div class=\"wpb_wrapper\">\n<div class=\"wpb_text_column wpb_content_element\" >\n<div class=\"wpb_wrapper\">\n<h2>Deine Vorteile im SYNAXON Marketplace<\/h2>\n\n<\/div>\n<\/div>\n\n<div class=\"wpb_text_column wpb_content_element\" >\n<div class=\"wpb_wrapper\">\n<ul class=\"ul-list\">\n<li>Exklusiver B2B-Shop<\/li>\n<li>Unvergleichbare Warenverf\u00fcgbarkeit im Commercial-Sortiment<\/li>\n<li>Zugang zum SYNAXON-Partnernetzwerk aus \u00fcber 3.200 IT-Systemh\u00e4usern<\/li>\n<li>Unkomplizierte R\u00fccksendungen mit unserer 14-t\u00e4gigen R\u00fcckgabefrist<\/li>\n<\/ul>\n\n<\/div>\n<\/div>\n<\/div><\/div><\/div><\/div><\/div><\/div><\/div><\/div><\/div>","protected":false},"excerpt":{"rendered":"\u00dcber uns Wir sind Gamechanger f\u00fcr IT-Dienstleister Unabh\u00e4ngig, stark und erfolgreich \u2013 unsere Partner sollen den Fortschritt am IT-Markt meistern. Deshalb haben wir die SYNAXON vor mehr als 30 Jahren in Bielefeld gegr\u00fcndet und verfolgen seitdem hartn\u00e4ckig ein \u00fcbergeordnetes Ziel: Wir wollen es leichter machen. F\u00fcr unsere Partner, Hersteller und Lieferanten, mit denen wir t\u00e4glich [...]","protected":false},"author":1235,"featured_media":0,"parent":0,"menu_order":0,"comment_status":"closed","ping_status":"closed","template":"","meta":{"_acf_changed":false,"footnotes":""},"class_list":["post-315","page","type-page","status-publish","hentry"],"acf":{"show_title":false,"headline":"\u00dcber uns","sub_headline":"Das ist die SYNAXON","hero_bulletpoints":false,"body_id":"","body_class":"","main_content_class":"","header_name":"","footer_name":"","header_tags":false,"css_slug_to_use_on_this_page":false,"custom_css_file":"","region":[],"language":[],"allowed_roles":"","allowed_users":false},"permalink":"https:\/\/marketplace.synaxon.com\/de\/page\/ueber-uns\/","yoast_head":"<!-- This site is optimized with the Yoast SEO plugin v27.3 - https:\/\/yoast.com\/product\/yoast-seo-wordpress\/ -->\n<title>\u00dcber uns - Marketplace Content<\/title>\n<meta name=\"description\" content=\"Wer wir sind, was uns antreibt und wie wir arbeiten \u2013 lernen Sie das Team hinter dem SYNAXON Marketplace kennen.\" \/>\n<meta name=\"robots\" content=\"index, follow, max-snippet:-1, max-image-preview:large, max-video-preview:-1\" \/>\n<link rel=\"canonical\" href=\"https:\/\/marketplace.synaxon.com\/de\/page\/ueber-uns\/\" \/>\n<meta property=\"og:locale\" content=\"de_DE\" \/>\n<meta property=\"og:type\" content=\"article\" \/>\n<meta property=\"og:title\" content=\"\u00dcber uns - Marketplace Content\" \/>\n<meta property=\"og:description\" content=\"Wer wir sind, was uns antreibt und wie wir arbeiten \u2013 lernen Sie das Team hinter dem SYNAXON Marketplace kennen.\" \/>\n<meta property=\"og:url\" content=\"https:\/\/marketplace.synaxon.com\/de\/page\/ueber-uns\/\" \/>\n<meta property=\"og:site_name\" content=\"Marketplace Content\" \/>\n<meta property=\"article:modified_time\" content=\"2026-02-13T07:13:18+00:00\" \/>\n<meta name=\"twitter:card\" content=\"summary_large_image\" \/>\n<meta name=\"twitter:label1\" content=\"Gesch\u00e4tzte Lesezeit\" \/>\n\t<meta name=\"twitter:data1\" content=\"8\u00a0Minuten\" \/>\n<script type=\"application\/ld+json\" class=\"yoast-schema-graph\">{\"@context\":\"https:\\\/\\\/schema.org\",\"@graph\":[{\"@type\":\"WebPage\",\"@id\":\"https:\\\/\\\/marketplace.synaxon.com\\\/de\\\/page\\\/ueber-uns\\\/\",\"url\":\"https:\\\/\\\/marketplace.synaxon.com\\\/de\\\/page\\\/ueber-uns\\\/\",\"name\":\"\u00dcber uns - Marketplace Content\",\"isPartOf\":{\"@id\":\"https:\\\/\\\/marketplace.synaxon.com\\\/de\\\/page\\\/#website\"},\"datePublished\":\"2025-01-30T08:05:59+00:00\",\"dateModified\":\"2026-02-13T07:13:18+00:00\",\"description\":\"Wer wir sind, was uns antreibt und wie wir arbeiten \u2013 lernen Sie das Team hinter dem SYNAXON Marketplace kennen.\",\"breadcrumb\":{\"@id\":\"https:\\\/\\\/marketplace.synaxon.com\\\/de\\\/page\\\/ueber-uns\\\/#breadcrumb\"},\"inLanguage\":\"de\",\"potentialAction\":[{\"@type\":\"ReadAction\",\"target\":[\"https:\\\/\\\/marketplace.synaxon.com\\\/de\\\/page\\\/ueber-uns\\\/\"]}]},{\"@type\":\"BreadcrumbList\",\"@id\":\"https:\\\/\\\/marketplace.synaxon.com\\\/de\\\/page\\\/ueber-uns\\\/#breadcrumb\",\"itemListElement\":[{\"@type\":\"ListItem\",\"position\":1,\"name\":\"Startseite\",\"item\":\"https:\\\/\\\/marketplace.synaxon.com\\\/de\\\/page\\\/\"},{\"@type\":\"ListItem\",\"position\":2,\"name\":\"\u00dcber uns\"}]},{\"@type\":\"WebSite\",\"@id\":\"https:\\\/\\\/marketplace.synaxon.com\\\/de\\\/page\\\/#website\",\"url\":\"https:\\\/\\\/marketplace.synaxon.com\\\/de\\\/page\\\/\",\"name\":\"SYNAXON Shop\",\"description\":\"\",\"potentialAction\":[{\"@type\":\"SearchAction\",\"target\":{\"@type\":\"EntryPoint\",\"urlTemplate\":\"https:\\\/\\\/marketplace.synaxon.com\\\/de\\\/page\\\/?s={search_term_string}\"},\"query-input\":{\"@type\":\"PropertyValueSpecification\",\"valueRequired\":true,\"valueName\":\"search_term_string\"}}],\"inLanguage\":\"de\"}]}<\/script>\n<!-- \/ Yoast SEO plugin. -->","yoast_head_json":{"title":"\u00dcber uns - Marketplace Content","description":"Wer wir sind, was uns antreibt und wie wir arbeiten \u2013 lernen Sie das Team hinter dem SYNAXON Marketplace kennen.","robots":{"index":"index","follow":"follow","max-snippet":"max-snippet:-1","max-image-preview":"max-image-preview:large","max-video-preview":"max-video-preview:-1"},"canonical":"https:\/\/marketplace.synaxon.com\/de\/page\/ueber-uns\/","og_locale":"de_DE","og_type":"article","og_title":"\u00dcber uns - Marketplace Content","og_description":"Wer wir sind, was uns antreibt und wie wir arbeiten \u2013 lernen Sie das Team hinter dem SYNAXON Marketplace kennen.","og_url":"https:\/\/marketplace.synaxon.com\/de\/page\/ueber-uns\/","og_site_name":"Marketplace Content","article_modified_time":"2026-02-13T07:13:18+00:00","twitter_card":"summary_large_image","twitter_misc":{"Gesch\u00e4tzte Lesezeit":"8\u00a0Minuten"},"schema":{"@context":"https:\/\/schema.org","@graph":[{"@type":"WebPage","@id":"https:\/\/marketplace.synaxon.com\/de\/page\/ueber-uns\/","url":"https:\/\/marketplace.synaxon.com\/de\/page\/ueber-uns\/","name":"\u00dcber uns - Marketplace Content","isPartOf":{"@id":"https:\/\/marketplace.synaxon.com\/de\/page\/#website"},"datePublished":"2025-01-30T08:05:59+00:00","dateModified":"2026-02-13T07:13:18+00:00","description":"Wer wir sind, was uns antreibt und wie wir arbeiten \u2013 lernen Sie das Team hinter dem SYNAXON Marketplace kennen.","breadcrumb":{"@id":"https:\/\/marketplace.synaxon.com\/de\/page\/ueber-uns\/#breadcrumb"},"inLanguage":"de","potentialAction":[{"@type":"ReadAction","target":["https:\/\/marketplace.synaxon.com\/de\/page\/ueber-uns\/"]}]},{"@type":"BreadcrumbList","@id":"https:\/\/marketplace.synaxon.com\/de\/page\/ueber-uns\/#breadcrumb","itemListElement":[{"@type":"ListItem","position":1,"name":"Startseite","item":"https:\/\/marketplace.synaxon.com\/de\/page\/"},{"@type":"ListItem","position":2,"name":"\u00dcber uns"}]},{"@type":"WebSite","@id":"https:\/\/marketplace.synaxon.com\/de\/page\/#website","url":"https:\/\/marketplace.synaxon.com\/de\/page\/","name":"SYNAXON Shop","description":"","potentialAction":[{"@type":"SearchAction","target":{"@type":"EntryPoint","urlTemplate":"https:\/\/marketplace.synaxon.com\/de\/page\/?s={search_term_string}"},"query-input":{"@type":"PropertyValueSpecification","valueRequired":true,"valueName":"search_term_string"}}],"inLanguage":"de"}]}},"distance":null,"_links":{"self":[{"href":"https:\/\/marketplace.synaxon.com\/de\/page\/wp-json\/wp\/v2\/pages\/315","targetHints":{"allow":["GET"]}}],"collection":[{"href":"https:\/\/marketplace.synaxon.com\/de\/page\/wp-json\/wp\/v2\/pages"}],"about":[{"href":"https:\/\/marketplace.synaxon.com\/de\/page\/wp-json\/wp\/v2\/types\/page"}],"author":[{"embeddable":true,"href":"https:\/\/marketplace.synaxon.com\/de\/page\/wp-json\/wp\/v2\/users\/1235"}],"replies":[{"embeddable":true,"href":"https:\/\/marketplace.synaxon.com\/de\/page\/wp-json\/wp\/v2\/comments?post=315"}],"version-history":[{"count":0,"href":"https:\/\/marketplace.synaxon.com\/de\/page\/wp-json\/wp\/v2\/pages\/315\/revisions"}],"wp:attachment":[{"href":"https:\/\/marketplace.synaxon.com\/de\/page\/wp-json\/wp\/v2\/media?parent=315"}],"curies":[{"name":"wp","href":"https:\/\/api.w.org\/{rel}","templated":true}]}}