{"id":127,"date":"2023-12-08T08:38:55","date_gmt":"2023-12-08T07:38:55","guid":{"rendered":"https:\/\/cms.internal.synaxon.de\/synaxon-shop\/?page_id=127"},"modified":"2025-04-22T15:42:25","modified_gmt":"2025-04-22T13:42:25","slug":"_empty","status":"publish","type":"page","link":"https:\/\/marketplace.synaxon.com\/de\/page\/","title":{"rendered":"_empty"},"content":{"rendered":"<div class=\"wpb-content-wrapper\"><div class=\"vc_row wpb_row vc_row-fluid container spacing\"><div class=\"wpb_column vc_column_container vc_col-sm-12\"><div class=\"vc_column-inner\"><div class=\"wpb_wrapper\">\n<div class=\"wpb_text_column wpb_content_element  font-h1 mb-3\" >\n<div class=\"wpb_wrapper\">\n<h1>Ups, etwas ist schief gelaufen!<\/h1>\n\n<\/div>\n<\/div>\n\n\t<div class=\"wpb_raw_code wpb_raw_html wpb_content_element\" >\n\t\t<div class=\"wpb_wrapper\">\n\t\t\t<div>\n        <p><strong>Es ist ein Fehler aufgetreten. Bitte probier es sp\u00e4ter nochmal.<\/strong><\/p>\n        <p>Wenn dies nochmal geschieht, besuche das <a href=\"https:\/\/synaxon.atlassian.net\/servicedesk\/customer\/portal\/11\">Help\n            Center<\/a> und teile uns mit, wie wir dir helfen k\u00f6nnen.<\/p>\n\n        <a href=\"\/\" class=\"btn btn__primary mt-4\" style=\"width:300px;\">\n            Zur\u00fcck zur Startseite\n        <\/a>\n\n\n    <\/div>\n\t\t<\/div>\n\t<\/div>\n<\/div><\/div><\/div><\/div><\/div>","protected":false},"excerpt":{"rendered":"Ups, etwas ist schief gelaufen! Es ist ein Fehler aufgetreten. Bitte probier es sp\u00e4ter nochmal. Wenn dies nochmal geschieht, besuche das Help Center und teile uns mit, wie wir dir helfen k\u00f6nnen. Zur\u00fcck zur Startseite","protected":false},"author":1,"featured_media":0,"parent":0,"menu_order":0,"comment_status":"closed","ping_status":"closed","template":"","meta":{"_acf_changed":false,"footnotes":""},"class_list":["post-127","page","type-page","status-publish","hentry"],"acf":{"show_title":true,"headline":"","sub_headline":"","hero_bulletpoints":false,"body_id":"","body_class":"","main_content_class":"","header_name":"","footer_name":"","header_tags":false,"css_slug_to_use_on_this_page":false,"custom_css_file":""},"permalink":"https:\/\/marketplace.synaxon.com\/de\/page\/","yoast_head":"<!-- This site is optimized with the Yoast SEO plugin v27.3 - https:\/\/yoast.com\/product\/yoast-seo-wordpress\/ -->\n<title>SYNAXON Shop<\/title>\n<meta name=\"robots\" content=\"index, follow, max-snippet:-1, max-image-preview:large, max-video-preview:-1\" \/>\n<link rel=\"canonical\" href=\"https:\/\/marketplace.synaxon.com\/de\/page\/\" \/>\n<meta property=\"og:locale\" content=\"de_DE\" \/>\n<meta property=\"og:type\" content=\"article\" \/>\n<meta property=\"og:title\" content=\"SYNAXON Shop\" \/>\n<meta property=\"og:url\" content=\"https:\/\/marketplace.synaxon.com\/de\/page\/\" \/>\n<meta property=\"og:site_name\" content=\"Marketplace Content\" \/>\n<meta property=\"article:modified_time\" content=\"2025-04-22T13:42:25+00:00\" \/>\n<meta name=\"twitter:card\" content=\"summary_large_image\" \/>\n<meta name=\"twitter:label1\" content=\"Gesch\u00e4tzte Lesezeit\" \/>\n\t<meta name=\"twitter:data1\" content=\"1\u00a0Minute\" \/>\n<script type=\"application\/ld+json\" class=\"yoast-schema-graph\">{\"@context\":\"https:\\\/\\\/schema.org\",\"@graph\":[{\"@type\":\"WebPage\",\"@id\":\"https:\\\/\\\/marketplace.synaxon.com\\\/de\\\/page\\\/\",\"url\":\"https:\\\/\\\/marketplace.synaxon.com\\\/de\\\/page\\\/\",\"name\":\"SYNAXON Shop\",\"isPartOf\":{\"@id\":\"https:\\\/\\\/marketplace.synaxon.com\\\/de\\\/page\\\/#website\"},\"datePublished\":\"2023-12-08T07:38:55+00:00\",\"dateModified\":\"2025-04-22T13:42:25+00:00\",\"breadcrumb\":{\"@id\":\"https:\\\/\\\/marketplace.synaxon.com\\\/de\\\/page\\\/#breadcrumb\"},\"inLanguage\":\"de\",\"potentialAction\":[{\"@type\":\"ReadAction\",\"target\":[\"https:\\\/\\\/marketplace.synaxon.com\\\/de\\\/page\\\/\"]}]},{\"@type\":\"BreadcrumbList\",\"@id\":\"https:\\\/\\\/marketplace.synaxon.com\\\/de\\\/page\\\/#breadcrumb\",\"itemListElement\":[{\"@type\":\"ListItem\",\"position\":1,\"name\":\"Startseite\",\"item\":\"https:\\\/\\\/marketplace.synaxon.com\\\/de\\\/page\\\/\"},{\"@type\":\"ListItem\",\"position\":2,\"name\":\"_empty\"}]},{\"@type\":\"WebSite\",\"@id\":\"https:\\\/\\\/marketplace.synaxon.com\\\/de\\\/page\\\/#website\",\"url\":\"https:\\\/\\\/marketplace.synaxon.com\\\/de\\\/page\\\/\",\"name\":\"SYNAXON Shop\",\"description\":\"\",\"potentialAction\":[{\"@type\":\"SearchAction\",\"target\":{\"@type\":\"EntryPoint\",\"urlTemplate\":\"https:\\\/\\\/marketplace.synaxon.com\\\/de\\\/page\\\/?s={search_term_string}\"},\"query-input\":{\"@type\":\"PropertyValueSpecification\",\"valueRequired\":true,\"valueName\":\"search_term_string\"}}],\"inLanguage\":\"de\"}]}<\/script>\n<!-- \/ Yoast SEO plugin. -->","yoast_head_json":{"title":"SYNAXON Shop","robots":{"index":"index","follow":"follow","max-snippet":"max-snippet:-1","max-image-preview":"max-image-preview:large","max-video-preview":"max-video-preview:-1"},"canonical":"https:\/\/marketplace.synaxon.com\/de\/page\/","og_locale":"de_DE","og_type":"article","og_title":"SYNAXON Shop","og_url":"https:\/\/marketplace.synaxon.com\/de\/page\/","og_site_name":"Marketplace Content","article_modified_time":"2025-04-22T13:42:25+00:00","twitter_card":"summary_large_image","twitter_misc":{"Gesch\u00e4tzte Lesezeit":"1\u00a0Minute"},"schema":{"@context":"https:\/\/schema.org","@graph":[{"@type":"WebPage","@id":"https:\/\/marketplace.synaxon.com\/de\/page\/","url":"https:\/\/marketplace.synaxon.com\/de\/page\/","name":"SYNAXON Shop","isPartOf":{"@id":"https:\/\/marketplace.synaxon.com\/de\/page\/#website"},"datePublished":"2023-12-08T07:38:55+00:00","dateModified":"2025-04-22T13:42:25+00:00","breadcrumb":{"@id":"https:\/\/marketplace.synaxon.com\/de\/page\/#breadcrumb"},"inLanguage":"de","potentialAction":[{"@type":"ReadAction","target":["https:\/\/marketplace.synaxon.com\/de\/page\/"]}]},{"@type":"BreadcrumbList","@id":"https:\/\/marketplace.synaxon.com\/de\/page\/#breadcrumb","itemListElement":[{"@type":"ListItem","position":1,"name":"Startseite","item":"https:\/\/marketplace.synaxon.com\/de\/page\/"},{"@type":"ListItem","position":2,"name":"_empty"}]},{"@type":"WebSite","@id":"https:\/\/marketplace.synaxon.com\/de\/page\/#website","url":"https:\/\/marketplace.synaxon.com\/de\/page\/","name":"SYNAXON Shop","description":"","potentialAction":[{"@type":"SearchAction","target":{"@type":"EntryPoint","urlTemplate":"https:\/\/marketplace.synaxon.com\/de\/page\/?s={search_term_string}"},"query-input":{"@type":"PropertyValueSpecification","valueRequired":true,"valueName":"search_term_string"}}],"inLanguage":"de"}]}},"distance":null,"_links":{"self":[{"href":"https:\/\/marketplace.synaxon.com\/de\/page\/wp-json\/wp\/v2\/pages\/127","targetHints":{"allow":["GET"]}}],"collection":[{"href":"https:\/\/marketplace.synaxon.com\/de\/page\/wp-json\/wp\/v2\/pages"}],"about":[{"href":"https:\/\/marketplace.synaxon.com\/de\/page\/wp-json\/wp\/v2\/types\/page"}],"author":[{"embeddable":true,"href":"https:\/\/marketplace.synaxon.com\/de\/page\/wp-json\/wp\/v2\/users\/1"}],"replies":[{"embeddable":true,"href":"https:\/\/marketplace.synaxon.com\/de\/page\/wp-json\/wp\/v2\/comments?post=127"}],"version-history":[{"count":0,"href":"https:\/\/marketplace.synaxon.com\/de\/page\/wp-json\/wp\/v2\/pages\/127\/revisions"}],"wp:attachment":[{"href":"https:\/\/marketplace.synaxon.com\/de\/page\/wp-json\/wp\/v2\/media?parent=127"}],"curies":[{"name":"wp","href":"https:\/\/api.w.org\/{rel}","templated":true}]}}