{"id":153,"date":"2024-01-11T11:18:56","date_gmt":"2024-01-11T10:18:56","guid":{"rendered":"https:\/\/cms.internal.synaxon.de\/synaxon-shop\/?page_id=153"},"modified":"2026-01-12T11:58:04","modified_gmt":"2026-01-12T10:58:04","slug":"imprint","status":"publish","type":"page","link":"https:\/\/marketplace.synaxon.com\/de\/page\/de-en\/imprint\/","title":{"rendered":"Imprint"},"content":{"rendered":"<div class=\"wpb-content-wrapper\"><div class=\"vc_row wpb_row vc_row-fluid header-base\"><div class=\"container wpb_column vc_column_container vc_col-sm-12\"><div class=\"vc_column-inner\"><div class=\"wpb_wrapper\">\n<div class=\"wpb_text_column wpb_content_element  vc_custom_1764586129545\" >\n<div class=\"wpb_wrapper\">\n<h1>Imprint<\/h1>\n\n<\/div>\n<\/div>\n\n<div class=\"wpb_text_column wpb_content_element  vc_custom_1764586126753\" >\n<div class=\"wpb_wrapper\">\n<p>SYNAXON Projekt- und Handels GmbH is a wholly-owned subsidiary of SYNAXON AG.<\/p>\n\n<\/div>\n<\/div>\n<\/div><\/div><\/div><\/div><div class=\"vc_row wpb_row vc_row-fluid header-base\"><\/div><div class=\"vc_row wpb_row vc_row-fluid spacing\"><div class=\"wpb_column vc_column_container vc_col-sm-12 vc_col-lg-8 vc_col-xs-12\"><div class=\"vc_column-inner\"><div class=\"wpb_wrapper\"><div class=\"vc_row wpb_row vc_inner vc_row-fluid\"><div class=\"mb-10 wpb_column vc_column_container vc_col-sm-4\"><div class=\"vc_column-inner\"><div class=\"wpb_wrapper\">\n<div class=\"wpb_text_column wpb_content_element\" >\n<div class=\"wpb_wrapper\">\n<p><strong>Business hours<\/strong><\/p>\n<p>Monday \u2013 Friday<\/p>\n<p>9:00 AM \u2013 5:00 PM<\/p>\n\n<\/div>\n<\/div>\n<\/div><\/div><\/div><div class=\"mb-10 wpb_column vc_column_container vc_col-sm-4\"><div class=\"vc_column-inner\"><div class=\"wpb_wrapper\">\n<div class=\"wpb_text_column wpb_content_element  vc_custom_1768215290014\" >\n<div class=\"wpb_wrapper\">\n<p><strong>Contact<\/strong><\/p>\n<p><strong>Phone:<\/strong> +49 (0) 52 07 \/ 92 99 122<\/p>\n<p><strong>E-mail:<\/strong> <a href=\"mailto:service@synaxon.de\">service@synaxon.de<\/a><\/p>\n\n<\/div>\n<\/div>\n<\/div><\/div><\/div><div class=\"mb-10 wpb_column vc_column_container vc_col-sm-4\"><div class=\"vc_column-inner\"><div class=\"wpb_wrapper\">\n<div class=\"wpb_text_column wpb_content_element  vc_custom_1768215354370\" >\n<div class=\"wpb_wrapper\">\n<p><strong>address<\/strong><\/p>\n<p>SYNAXON Project and Trading GmbH<\/p>\n<p>Falkenstr. 31<\/p>\n<p>33758 Schlo\u00df Holte-Stukenbrock<\/p>\n<p>Germany<\/p>\n\n<\/div>\n<\/div>\n<\/div><\/div><\/div><\/div><div class=\"vc_row wpb_row vc_inner vc_row-fluid\"><div class=\"mb-10 wpb_column vc_column_container vc_col-sm-4\"><div class=\"vc_column-inner\"><div class=\"wpb_wrapper\">\n<div class=\"wpb_text_column wpb_content_element\" >\n<div class=\"wpb_wrapper\">\n<p><strong>Managing Director<\/strong><\/p>\n<p>Mark Schr\u00f6der<\/p>\n<p>Jan Schwarzenberger<\/p>\n<p>Miguel Rodriguez Ega\u00f1a<\/p>\n\n<\/div>\n<\/div>\n<\/div><\/div><\/div><div class=\"mb-10 wpb_column vc_column_container vc_col-sm-4\"><div class=\"vc_column-inner\"><div class=\"wpb_wrapper\">\n<div class=\"wpb_text_column wpb_content_element\" >\n<div class=\"wpb_wrapper\">\n<p><strong>Legal<\/strong><\/p>\n<p>Bielefeld District Court<\/p>\n<p>HRB 35018<\/p>\n<p>VAT ID No. DE 207159629<\/p>\n\n<\/div>\n<\/div>\n<\/div><\/div><\/div><div class=\"mb-10 wpb_column vc_column_container vc_col-sm-4\"><div class=\"vc_column-inner\"><div class=\"wpb_wrapper\">\n<div class=\"wpb_text_column wpb_content_element\" >\n<div class=\"wpb_wrapper\">\n<p><strong>Bank details<\/strong><\/p>\n<p>Commerzbank Bielefeld<\/p>\n<p>SWIFT-BIC: DRES DE FF 480<\/p>\n<p>IBAN: DE84 4808 0020 0211 0039 00<\/p>\n\n<\/div>\n<\/div>\n<\/div><\/div><\/div><\/div><\/div><\/div><\/div><\/div><\/div>","protected":false},"excerpt":{"rendered":"Impressum Die SYNAXON Projekt- und Handels GmbH ist eine 100-%ige Tochtergesellschaft der SYNAXON AG. Gesch\u00e4ftszeiten Montag - Freitag 09:00 - 17:00 Uhr Kontakt Telefon: +49 (0) 52 07 \/ 92 99 122 Email: service@synaxon.de Adresse SYNAXON Projekt- und Handels GmbH Falkenstr. 31 33758 Schlo\u00df Holte-Stukenbrock Deutschland Gesch\u00e4ftsf\u00fchrer Mark Schr\u00f6der Jan Schwarzenberger Miguel Rodriguez Ega\u00f1a Rechtliches [...]","protected":false},"author":1235,"featured_media":0,"parent":0,"menu_order":0,"comment_status":"closed","ping_status":"closed","template":"","meta":{"_acf_changed":false,"footnotes":""},"class_list":["post-153","page","type-page","status-publish","hentry"],"acf":{"show_title":true,"headline":"Impressum","sub_headline":"","hero_bulletpoints":false,"body_id":"","body_class":"","main_content_class":"","header_name":"","footer_name":"","header_tags":false,"css_slug_to_use_on_this_page":false,"custom_css_file":"","allowed_roles":"","allowed_users":false,"region":[],"language":[]},"permalink":"https:\/\/marketplace.synaxon.com\/de\/page\/de-en\/imprint\/","yoast_head":"<!-- This site is optimized with the Yoast SEO plugin v27.3 - https:\/\/yoast.com\/product\/yoast-seo-wordpress\/ -->\n<title>Impressum - Marketplace Content<\/title>\n<meta name=\"robots\" content=\"noindex, nofollow\" \/>\n<meta property=\"og:locale\" content=\"en_US\" \/>\n<meta property=\"og:type\" content=\"article\" \/>\n<meta property=\"og:title\" content=\"Impressum - Marketplace Content\" \/>\n<meta property=\"og:url\" content=\"https:\/\/marketplace.synaxon.com\/de\/page\/de-en\/imprint\/\" \/>\n<meta property=\"og:site_name\" content=\"Marketplace Content\" \/>\n<meta property=\"article:modified_time\" content=\"2026-01-12T10:58:04+00:00\" \/>\n<meta name=\"twitter:card\" content=\"summary_large_image\" \/>\n<meta name=\"twitter:label1\" content=\"Est. reading time\" \/>\n\t<meta name=\"twitter:data1\" content=\"1 minute\" \/>\n<script type=\"application\/ld+json\" class=\"yoast-schema-graph\">{\"@context\":\"https:\\\/\\\/schema.org\",\"@graph\":[{\"@type\":\"WebPage\",\"@id\":\"https:\\\/\\\/marketplace.synaxon.com\\\/de\\\/page\\\/impressum\\\/\",\"url\":\"https:\\\/\\\/marketplace.synaxon.com\\\/de\\\/page\\\/impressum\\\/\",\"name\":\"Impressum - Marketplace Content\",\"isPartOf\":{\"@id\":\"https:\\\/\\\/marketplace.synaxon.com\\\/de\\\/page\\\/#website\"},\"datePublished\":\"2024-01-11T10:18:56+00:00\",\"dateModified\":\"2026-01-12T10:58:04+00:00\",\"breadcrumb\":{\"@id\":\"https:\\\/\\\/marketplace.synaxon.com\\\/de\\\/page\\\/impressum\\\/#breadcrumb\"},\"inLanguage\":\"en-US\",\"potentialAction\":[{\"@type\":\"ReadAction\",\"target\":[\"https:\\\/\\\/marketplace.synaxon.com\\\/de\\\/page\\\/impressum\\\/\"]}]},{\"@type\":\"BreadcrumbList\",\"@id\":\"https:\\\/\\\/marketplace.synaxon.com\\\/de\\\/page\\\/impressum\\\/#breadcrumb\",\"itemListElement\":[{\"@type\":\"ListItem\",\"position\":1,\"name\":\"Startseite\",\"item\":\"https:\\\/\\\/marketplace.synaxon.com\\\/de\\\/page\\\/\"},{\"@type\":\"ListItem\",\"position\":2,\"name\":\"Impressum\"}]},{\"@type\":\"WebSite\",\"@id\":\"https:\\\/\\\/marketplace.synaxon.com\\\/de\\\/page\\\/#website\",\"url\":\"https:\\\/\\\/marketplace.synaxon.com\\\/de\\\/page\\\/\",\"name\":\"SYNAXON Shop\",\"description\":\"\",\"potentialAction\":[{\"@type\":\"SearchAction\",\"target\":{\"@type\":\"EntryPoint\",\"urlTemplate\":\"https:\\\/\\\/marketplace.synaxon.com\\\/de\\\/page\\\/?s={search_term_string}\"},\"query-input\":{\"@type\":\"PropertyValueSpecification\",\"valueRequired\":true,\"valueName\":\"search_term_string\"}}],\"inLanguage\":\"en-US\"}]}<\/script>\n<!-- \/ Yoast SEO plugin. -->","yoast_head_json":{"title":"Imprint - Marketplace Content","robots":{"index":"noindex","follow":"nofollow"},"og_locale":"en_US","og_type":"article","og_title":"Impressum - Marketplace Content","og_url":"https:\/\/marketplace.synaxon.com\/de\/page\/de-en\/imprint\/","og_site_name":"Marketplace Content","article_modified_time":"2026-01-12T10:58:04+00:00","twitter_card":"summary_large_image","twitter_misc":{"Est. reading time":"1 minute"},"schema":{"@context":"https:\/\/schema.org","@graph":[{"@type":"WebPage","@id":"https:\/\/marketplace.synaxon.com\/de\/page\/impressum\/","url":"https:\/\/marketplace.synaxon.com\/de\/page\/impressum\/","name":"Imprint - Marketplace Content","isPartOf":{"@id":"https:\/\/marketplace.synaxon.com\/de\/page\/#website"},"datePublished":"2024-01-11T10:18:56+00:00","dateModified":"2026-01-12T10:58:04+00:00","breadcrumb":{"@id":"https:\/\/marketplace.synaxon.com\/de\/page\/impressum\/#breadcrumb"},"inLanguage":"en-US","potentialAction":[{"@type":"ReadAction","target":["https:\/\/marketplace.synaxon.com\/de\/page\/impressum\/"]}]},{"@type":"BreadcrumbList","@id":"https:\/\/marketplace.synaxon.com\/de\/page\/impressum\/#breadcrumb","itemListElement":[{"@type":"ListItem","position":1,"name":"Startseite","item":"https:\/\/marketplace.synaxon.com\/de\/page\/"},{"@type":"ListItem","position":2,"name":"Impressum"}]},{"@type":"WebSite","@id":"https:\/\/marketplace.synaxon.com\/de\/page\/#website","url":"https:\/\/marketplace.synaxon.com\/de\/page\/","name":"SYNAXON Shop","description":"","potentialAction":[{"@type":"SearchAction","target":{"@type":"EntryPoint","urlTemplate":"https:\/\/marketplace.synaxon.com\/de\/page\/?s={search_term_string}"},"query-input":{"@type":"PropertyValueSpecification","valueRequired":true,"valueName":"search_term_string"}}],"inLanguage":"en-US"}]}},"distance":null,"_links":{"self":[{"href":"https:\/\/marketplace.synaxon.com\/de\/page\/de-en\/wp-json\/wp\/v2\/pages\/153","targetHints":{"allow":["GET"]}}],"collection":[{"href":"https:\/\/marketplace.synaxon.com\/de\/page\/de-en\/wp-json\/wp\/v2\/pages"}],"about":[{"href":"https:\/\/marketplace.synaxon.com\/de\/page\/de-en\/wp-json\/wp\/v2\/types\/page"}],"author":[{"embeddable":true,"href":"https:\/\/marketplace.synaxon.com\/de\/page\/de-en\/wp-json\/wp\/v2\/users\/1235"}],"replies":[{"embeddable":true,"href":"https:\/\/marketplace.synaxon.com\/de\/page\/de-en\/wp-json\/wp\/v2\/comments?post=153"}],"version-history":[{"count":0,"href":"https:\/\/marketplace.synaxon.com\/de\/page\/de-en\/wp-json\/wp\/v2\/pages\/153\/revisions"}],"wp:attachment":[{"href":"https:\/\/marketplace.synaxon.com\/de\/page\/de-en\/wp-json\/wp\/v2\/media?parent=153"}],"curies":[{"name":"wp","href":"https:\/\/api.w.org\/{rel}","templated":true}]}}