{"id":186,"date":"2024-01-11T13:02:37","date_gmt":"2024-01-11T12:02:37","guid":{"rendered":"https:\/\/cms.internal.synaxon.de\/synaxon-shop\/?page_id=186"},"modified":"2026-02-13T08:06:39","modified_gmt":"2026-02-13T07:06:39","slug":"datenschutz","status":"publish","type":"page","link":"https:\/\/marketplace.synaxon.com\/de\/page\/at-de\/datenschutz\/","title":{"rendered":"Datenschutz"},"content":{"rendered":"<div class=\"wpb-content-wrapper\"><div class=\"vc_row wpb_row vc_row-fluid header-base\"><div class=\"container wpb_column vc_column_container vc_col-sm-12\"><div class=\"vc_column-inner\"><div class=\"wpb_wrapper\">\n<div class=\"wpb_text_column wpb_content_element\" >\n<div class=\"wpb_wrapper\">\n<h1>Datenschutzerkl\u00e4rung<\/h1>\n\n<\/div>\n<\/div>\n<\/div><\/div><\/div><\/div><div class=\"vc_row wpb_row vc_row-fluid spacing\"><div class=\"wpb_column vc_column_container vc_col-sm-12\"><div class=\"vc_column-inner\"><div class=\"wpb_wrapper\">\n<div class=\"wpb_text_column wpb_content_element\" >\n<div class=\"wpb_wrapper\">\n<h2>Datenschutzerkl\u00e4rung f\u00fcr diesen Online-Shop<\/h2>\n<p>Wir freuen uns \u00fcber Ihr Interesse an unserem Shop. Der Schutz Ihrer pers\u00f6nlichen Daten ist uns wichtig. Mit dieser Datenschutzerkl\u00e4rung informieren wir Sie daher dar\u00fcber, welche personenbezogenen Daten und sonstigen Informationen wir w\u00e4hrend Ihres Besuchs auf unserer Webseite erheben und speichern und zu welchen Zwecken wir sie nutzen sowie \u00fcber Ihre Rechte im Hinblick auf die Verwendung Ihrer personenbezogenen Daten. Sollten Sie dar\u00fcber hinaus noch Fragen zum Umgang mit Ihren personenbezogenen Daten haben, k\u00f6nnen Sie sich gerne an uns wenden. Die Kontaktdaten finden Sie nachfolgend unter &#8222;F\u00fcr die Datenverarbeitung Verantwortlicher&#8220;.<\/p>\n\n<\/div>\n<\/div>\n\n<div class=\"wpb_text_column wpb_content_element\" >\n<div class=\"wpb_wrapper\">\n<h3 class=\"mt-10\">F\u00fcr die Datenverarbeitung Verantwortlicher<\/h3>\n<p>Verantwortlicher im Sinne der Datenschutz-Grundverordnung (DSGVO) und des Bundesdatenschutzgesetzes\u2013neu (BDSG neu) ist die SYNAXON Projekt- und Handels GmbH, Falkenstra\u00dfe 31, D-33758 Schlo\u00df Holte-Stukenbrock, Telefon: +49 (0) 52 07 \/ 92 99-122, Telefax: +49 (0) 52 07 \/ 92 99-296, E-Mail: datenschutz@synaxon.de<\/p>\n\n<\/div>\n<\/div>\n\n<div class=\"wpb_text_column wpb_content_element\" >\n<div class=\"wpb_wrapper\">\n<h3 class=\"mt-10\">Erfassung von allgemeinen Daten und Informationen<\/h3>\n<p>Wenn Sie unser Online-Angebot aufrufen, \u00fcbermittelt Ihr Browser automatisch aus technischer Notwendigkeit allgemeine Daten und Informationen an unseren Webserver. Diese allgemeinen Daten und Informationen werden in den Logfiles des Servers gespeichert. Folgende Daten werden aufgezeichnet: &#8211; verwendeter Webbrowser (Typ und Version) &#8211; verwendetes Betriebssystem &#8211; Referrer URL, also die zuletzt besuchte Webseite &#8211; IP-Adresse des zugreifenden Rechners &#8211; Datum und Uhrzeit Ihres Besuchs auf unserer Webseite &#8211; welche untergeordneten Webseiten Sie aufgerufen haben &#8211; Menge der gesendeten Daten &#8211; die \u00fcbertragene Datenmenge &#8211; sonstige \u00e4hnliche Daten und Informationen, die der Gefahrenabwehr im Falle von Angriffen auf unsere IT-Systeme dienen.<\/p>\n<p>Wir nutzen diese Protokolldaten ohne Zuordnung zu Ihrer Person oder sonstiger Profilerstellung f\u00fcr statistische Auswertungen zum Zweck des Betriebs, der Sicherheit und der Optimierung unseres Online-Angebotes, aber auch zur anonymen Erfassung der Anzahl der Besucher unseres Online-Angebotes (traffic) sowie zu Umfang und zur Art der Nutzung unseres Online-Angebotes und unserer Dienste.<\/p>\n<p>Die Verarbeitung erfolgt gem\u00e4\u00df Art. 6 Abs. 1 lit. f DSGVO aufgrund unseres berechtigten Interesses an der Verbesserung der Stabilit\u00e4t und Funktionalit\u00e4t unseres Online-Angebots. Eine Weitergabe oder anderweitige Verwendung der Daten findet nicht statt. Wir behalten uns allerdings vor, die Server-Logfiles nachtr\u00e4glich zu \u00fcberpr\u00fcfen, sollten konkrete Anhaltspunkte auf eine rechtswidrige Nutzung hinweisen.<\/p>\n\n<\/div>\n<\/div>\n\n<div class=\"wpb_text_column wpb_content_element\" >\n<div class=\"wpb_wrapper\">\n<h3 class=\"mt-10\">Personenbezogene Daten<\/h3>\n<p>Sie k\u00f6nnen die Startseite unseres Shops grunds\u00e4tzlich ohne Offenlegung Ihrer Identit\u00e4t und ohne Angabe von personenbezogenen Daten betreten. Eine tats\u00e4chliche Nutzung ist aber nur nach Registrierung und Login m\u00f6glich. Sofern innerhalb unseres Online-Angebots die M\u00f6glichkeit zur Angabe personenbezogener Daten besteht, erfolgt die Angabe dieser Daten durch Sie ausdr\u00fccklich auf freiwilliger Basis, z.B. wenn Sie sich auf unserer Webseite registrieren oder in ein bestehendes Kundenkonto einloggen oder wenn Sie Produkte bestellen. Die von Ihnen freiwillig angegebenen Daten werden von uns grunds\u00e4tzlich nur f\u00fcr den Zweck, zu dem Sie uns die Daten \u00fcberlassen haben, genutzt.<\/p>\n\n<\/div>\n<\/div>\n\n<div class=\"wpb_text_column wpb_content_element\" >\n<div class=\"wpb_wrapper\">\n<h3 class=\"mt-10\">Dauer der Speicherung personenbezogener Daten<\/h3>\n<p>Die Dauer der Speicherung von personenbezogenen Daten bemisst sich nach der jeweiligen gesetzlichen Aufbewahrungsfrist. Nach Ablauf der Frist werden die entsprechenden Daten routinem\u00e4\u00dfig gel\u00f6scht, sofern sie nicht mehr zur Vertragserf\u00fcllung oder Vertragsanbahnung erforderlich sind und\/oder unsererseits kein berechtigtes Interesse an der Weiterspeicherung besteht. Sind Daten aufgrund der Aus\u00fcbung von Interventionsrechten zu l\u00f6schen (bspw. bei der Geltendmachung eines L\u00f6schungsanspruchs oder beim Widerruf einer Einwilligung), werden die entsprechend unverz\u00fcglich gel\u00f6scht.<\/p>\n\n<\/div>\n<\/div>\n\n<div class=\"wpb_text_column wpb_content_element\" >\n<div class=\"wpb_wrapper\">\n<h3 class=\"mt-10\">Verschl\u00fcsselung<\/h3>\n<p>Ihre personenbezogenen Daten werden verschl\u00fcsselt \u00fcber das Internet zu unseren Servern \u00fcbertragen. Wir verwenden f\u00fcr die Daten\u00fcbertragung eine SSL Verschl\u00fcsselung (Secure-Socket-Layer).<\/p>\n\n<\/div>\n<\/div>\n\n<div class=\"wpb_text_column wpb_content_element\" >\n<div class=\"wpb_wrapper\">\n<h3 class=\"mt-10\">Weitergabe personenbezogener Daten an Dritte<\/h3>\n<p>Wir verwenden Ihre personenbezogenen Daten grunds\u00e4tzlich nur f\u00fcr den Zweck, zu dem Sie uns diese \u00fcberlassen haben.<br \/>\nF\u00fcr den Abschluss und die Abwicklung von Vertr\u00e4gen \u00fcber Angebote in unserem Shop geben wir Ihre personenbezogenen Daten an unsere Muttergesellschaft, die SYNAXON AG in Schlo\u00df Holte-Stukenbrock, zur Speicherung in zentralen Datenbanken und f\u00fcr konzerninterne Abrechnungs- und Buchhaltungszwecke weiter. Zur weiteren Vertragsabwicklung werden diverse Dienstleister f\u00fcr uns t\u00e4tig, z.B. f\u00fcr die Bezahlung und Auslieferung von Produkten, denen wir die zur Aufgabenerf\u00fcllung erforderlichen Daten weitergeben.<\/p>\n<p>Dar\u00fcber hinaus geben wir Ihre Daten nicht ohne Ihre ausdr\u00fcckliche Einwilligung an Dritte weiter. Eine Weitergabe Ihrer personenbezogenen Daten erfolgt nur, wenn Sie selbst in die Datenweitergabe eingewilligt haben oder soweit wir gesetzlich oder durch eine Beh\u00f6rden- oder Gerichtsentscheidung hierzu berechtigt oder verpflichtet sind. Dabei kann es sich insbesondere um die Weitergabe f\u00fcr Zwecke der Strafverfolgung, zur Gefahrenabwehr oder zur Nutzung geistiger Eigentumsrechte handeln.<\/p>\n\n<\/div>\n<\/div>\n\n<div class=\"wpb_text_column wpb_content_element\" >\n<div class=\"wpb_wrapper\">\n<h3 class=\"mt-10\">Registrierung<\/h3>\n<p>In unserem Online-Angebot haben Sie die M\u00f6glichkeit, sich unter Angabe personenbezogener Daten zu registrieren. F\u00fcr den Abschluss und die Abwicklung von Bestellungen ben\u00f6tigen wir Kontaktangaben, wie etwa Ihren Namen, Anschrift und E-Mailadresse. Die Daten werden dabei in eine Eingabemaske eingegeben und an uns \u00fcbermittelt und gespeichert. Die Datenverarbeitung im Rahmen der Registrierung erfolgt nach Art. 6 Abs. 1 S. 1 lit. a DSGVO auf Grundlage Ihrer freiwillig erteilten Einwilligung. Zielt Ihre Registrierung auf den Abschluss eines Vertrages ab, so ist zus\u00e4tzliche Rechtsgrundlage f\u00fcr die Verarbeitung Art. 6 Abs. 1 lit. b DSGVO.<\/p>\n\n<\/div>\n<\/div>\n\n<div class=\"wpb_text_column wpb_content_element\" >\n<div class=\"wpb_wrapper\">\n<h3 class=\"mt-10\">Kontaktaufnahme\/ RMA-Anfrage<\/h3>\n<p>Im Rahmen der Kontaktaufnahme mit uns (z.B. per RMA-Anfrage oder E-Mail) werden personenbezogene Daten erhoben. Welche Daten im Falle eines Kontaktformulars erhoben werden, ist aus dem jeweiligen Kontaktformular ersichtlich. In jedem Fall ist die Angabe einer g\u00fcltigen E-Mailadresse erforderlich, damit wir wissen, von wem die Anfrage stammt und damit wir diese beantworten k\u00f6nnen. Weitere Angaben k\u00f6nnen freiwillig get\u00e4tigt werden.<\/p>\n<p>Die Daten werden ausschlie\u00dflich zum Zweck der Beantwortung Ihres Anliegens bzw. f\u00fcr die Kontaktaufnahme und die damit verbundene technische Administration gespeichert und verwendet.<\/p>\n<p>Die Datenverarbeitung zum Zwecke der Kontaktaufnahme mit uns erfolgt nach Art. 6 Abs. 1 S. 1 lit. a DSGVO auf Grundlage Ihrer freiwillig erteilten Einwilligung. Zielt Ihre Kontaktierung auf den Abschluss eines Vertrages ab, so ist zus\u00e4tzliche Rechtsgrundlage f\u00fcr die Verarbeitung Art. 6 Abs. 1 lit. b DSGVO. Ihre Daten werden nach abschlie\u00dfender Bearbeitung Ihrer Anfrage gel\u00f6scht, sofern keine gesetzlichen Aufbewahrungspflichten entgegenstehen.<\/p>\n\n<\/div>\n<\/div>\n\n<div class=\"wpb_text_column wpb_content_element\" >\n<div class=\"wpb_wrapper\">\n<h3 class=\"mt-10\">Einsatz von Cookies<\/h3>\n<p>Auf verschiedenen Seiten verwenden wir so genannte Cookies. Cookies dienen dazu, unser Angebot nutzerfreundlicher und effektiver zu machen. Cookies sind kleine Textdateien, die \u00fcber Ihren Browser auf Ihrem Endger\u00e4t gespeichert werden. In den Cookies werden Informationen abgelegt, die sich jeweils im Zusammenhang mit dem spezifisch eingesetzten Endger\u00e4t ergeben. Dies bedeutet jedoch nicht, dass wir dadurch unmittelbar Kenntnis von Ihrer Identit\u00e4t erhalten.<br \/>\nCookies brauchen nur minimalen Speicherplatz und beeintr\u00e4chtigen Ihr Endger\u00e4t nicht. Die meisten Browser sind so eingestellt, dass sie Cookies automatisch akzeptieren. Bitte beachten Sie, dass bestimmte Cookies daher bereits gesetzt werden, sobald Sie unser Online-Angebot betreten.<\/p>\n<p>Rechtsgrundlage f\u00fcr die Verwendung von notwendigen Cookies ist unser berechtigtes Interesse an der ordnungsgem\u00e4\u00dfen Bereitstellung unseres Online-Angebotes im Sinne von Art. 6 Abs. 1 lit. f) DSGVO sowie \u2013 soweit \u00fcber unser Online-Angebot Vertr\u00e4ge abgeschlossen werden \u2013 die Vertragserf\u00fcllung im Sinne von Art. 6 Abs. 1 lit. b) DSGVO.<\/p>\n\n<\/div>\n<\/div>\n\n<div class=\"wpb_text_column wpb_content_element\" >\n<div class=\"wpb_wrapper\">\n<h3 class=\"mt-10\">Schutz von Minderj\u00e4hrigen<\/h3>\n<p>Kinder und Jugendliche unter 18 Jahren sollten ohne Zustimmung ihrer Eltern oder Erziehungsberechtigten keine personenbezogenen Daten an uns \u00fcbermitteln. Wir fordern nicht gezielt personenbezogene Daten von Kindern oder Jugendlichen an, sammeln diese nicht bewusst und geben sie nicht an Dritte weiter.<\/p>\n\n<\/div>\n<\/div>\n\n<div class=\"wpb_text_column wpb_content_element\" >\n<div class=\"wpb_wrapper\">\n<h3 class=\"mt-10\">Sicherheit<\/h3>\n<p>Wir haben umfangreiche technische und betriebliche Sicherheitsvorkehrungen getroffen, um Ihre bei uns vorgehaltenen Daten vor zuf\u00e4lligen oder vors\u00e4tzlichen Manipulationen, Verlust, Zerst\u00f6rung und dem Zugriff unberechtigter Personen zu sch\u00fctzen. Unsere Sicherheitsvorkehrungen werden regelm\u00e4\u00dfig \u00fcberpr\u00fcft und dem technologischen Fortschritt angepasst.<\/p>\n\n<\/div>\n<\/div>\n\n<div class=\"wpb_text_column wpb_content_element\" >\n<div class=\"wpb_wrapper\">\n<h3 class=\"mt-10\">Rechte der betroffenen Person<\/h3>\n<p>Das geltende Datenschutzrecht gew\u00e4hrt Ihnen verschiedene Rechte hinsichtlich der Verarbeitung Ihrer personenbezogenen Daten.<br \/>\nSie haben das Recht<br \/>\nauf <strong>Auskunft<\/strong> nach Artikel 15 DSGVO,<br \/>\nauf <strong>Berichtigung<\/strong> nach Artikel 16 DSGVO,<br \/>\nauf <strong>L\u00f6schung<\/strong> nach 17 DSGVO,<br \/>\nauf <strong>Einschr\u00e4nkung<\/strong> der Verarbeitung nach Artikel 18 DSGVO,<br \/>\nauf <strong>Unterrichtung<\/strong> nach Art. 19 DSGVO<br \/>\nauf <strong>Widerspruch<\/strong> nach Artikel 21 DSGVO (siehe unten) sowie<br \/>\nauf <strong>Daten\u00fcbertragung<\/strong> nach Artikel 20 DSGVO.<\/p>\n<p>Beim Auskunftsrecht und beim L\u00f6schungsrecht gelten die Einschr\u00e4nkungen nach \u00a7\u00a7 34 und 35 BDSG. Dar\u00fcber hinaus besteht ein <strong>Beschwerderecht bei einer Datenschutzaufsichtsbeh\u00f6rde<\/strong> (Artikel 77 DSGVO i. V. m. \u00a7 19 BDSG). Die Gesetzestexte finden Sie <a href=\"https:\/\/dsgvo-gesetz.de\/\">hier<\/a>.<\/p>\n\n<\/div>\n<\/div>\n\n<div class=\"wpb_text_column wpb_content_element\" >\n<div class=\"wpb_wrapper\">\n<h3 class=\"mt-10\">Widerspruchsrecht (Art. 21 DSGVO)<\/h3>\n<p>Wenn wir Ihre personenbezogenen Daten im Rahmen einer Interessenabw\u00e4gung aufgrund unseres \u00fcberwiegenden Interesses verarbeiten, haben Sie das jederzeitige Recht, aus Gr\u00fcnden, die sich aus Ihrer besonderen Situation ergeben, gegen diese Verarbeitung Widerspruch mit Wirkung f\u00fcr die Zukunft einzulegen. Machen Sie von Ihrem Widerspruchsrecht Gebrauch, beenden wir die Verarbeitung der betroffenen Daten, es sei denn, wir k\u00f6nnen zwingende schutzw\u00fcrdige Gr\u00fcnde f\u00fcr die Verarbeitung nachweisen, die Ihre Interessen, Rechte und Freiheiten \u00fcberwiegen oder die Verarbeitung dient der Geltendmachung, Aus\u00fcbung oder Verteidigung von Rechtsanspr\u00fcchen.<\/p>\n<p>Werden personenbezogene Daten von uns verarbeitet, um Direktwerbung zu betreiben, so haben Sie das Recht, jederzeit Widerspruch gegen die Verarbeitung Sie betreffender personenbezogener Daten zum Zwecke derartiger Werbung einzulegen. Machen Sie von Ihrem Widerspruchsrecht Gebrauch, beenden wir die Verarbeitung der betroffenen Daten zu Werbezwecken.<\/p>\n\n<\/div>\n<\/div>\n\n<div class=\"wpb_text_column wpb_content_element\" >\n<div class=\"wpb_wrapper\">\n<h3 class=\"mt-10\">Recht auf Widerruf einer erteilten Einwilligung<\/h3>\n<p>Sie haben das Recht, eine erteilte Einwilligung zur Verarbeitung personenbezogener Daten jederzeit mit Wirkung f\u00fcr die Zukunft zu widerrufen. Im Falle des Widerrufs werden wir die betroffenen Daten unverz\u00fcglich l\u00f6schen, sofern eine weitere Verarbeitung nicht auf eine Rechtsgrundlage zur einwilligungslosen Verarbeitung gest\u00fctzt werden kann. Durch den Widerruf der Einwilligung wird die Rechtm\u00e4\u00dfigkeit der aufgrund der Einwilligung bis zum Widerruf erfolgten Verarbeitung nicht ber\u00fchrt.<\/p>\n<p>M\u00f6chten Sie die vorstehenden Rechte geltend machen, so gen\u00fcgt eine einfache Nachricht an uns. Die Kontaktdaten finden Sie weiter oben unter \u201cF\u00fcr die Datenverarbeitung Verantwortlicher\u201d.<\/p>\n\n<\/div>\n<\/div>\n\n<div class=\"wpb_text_column wpb_content_element\" >\n<div class=\"wpb_wrapper\">\n<h3 class=\"mt-10\">Links zu Webseiten anderer Anbieter<\/h3>\n<p>Unser Online-Angebot kann Links zu Online-Angeboten anderer Anbieter enthalten, auf die sich diese Datenschutzerkl\u00e4rung nicht erstreckt. Wenn Sie diesen Links folgen, verlassen Sie das Online-Angebot der SYNAXON Projekt- und Handels GmbH. Wir haben keinen Einfluss darauf, dass diese Anbieter die geltenden Datenschutzbestimmungen einhalten. Wir empfehlen daher, dass Sie sich auch bei Online-Angeboten anderer Anbieter \u00fcber die jeweiligen Datenschutzerkl\u00e4rungen informieren.<\/p>\n\n<\/div>\n<\/div>\n\n<div class=\"wpb_text_column wpb_content_element\" >\n<div class=\"wpb_wrapper\">\n<h3 class=\"mt-10\">\u00c4nderungen dieser Datenschutzerkl\u00e4rung<\/h3>\n<p>Im Zuge der Weiterentwicklung unseres Online-Angebots und der Implementierung neuer Technologien zur Verbesserung unseres Service f\u00fcr Sie k\u00f6nnen \u00c4nderungen dieser Datenschutzerkl\u00e4rung erforderlich werden. Daher empfehlen wir Ihnen, sich diese Datenschutzerkl\u00e4rung ab und zu erneut durchzulesen.<\/p>\n<p>Stand dieser Datenschutzerkl\u00e4rung: Januar 2024<\/p>\n\n<\/div>\n<\/div>\n<\/div><\/div><\/div><\/div><\/div>","protected":false},"excerpt":{"rendered":"Datenschutzerkl\u00e4rung Datenschutzerkl\u00e4rung f\u00fcr diesen Online-Shop Wir freuen uns \u00fcber Ihr Interesse an unserem Shop. Der Schutz Ihrer pers\u00f6nlichen Daten ist uns wichtig. Mit dieser Datenschutzerkl\u00e4rung informieren wir Sie daher dar\u00fcber, welche personenbezogenen Daten und sonstigen Informationen wir w\u00e4hrend Ihres Besuchs auf unserer Webseite erheben und speichern und zu welchen Zwecken wir sie nutzen sowie \u00fcber [...]","protected":false},"author":1196,"featured_media":0,"parent":0,"menu_order":0,"comment_status":"closed","ping_status":"closed","template":"","meta":{"_acf_changed":false,"footnotes":""},"class_list":["post-186","page","type-page","status-publish","hentry"],"acf":{"show_title":true,"headline":"Datenschutzerkl\u00e4rung","sub_headline":"","hero_bulletpoints":false,"body_id":"","body_class":"","main_content_class":"","header_name":"","footer_name":"","header_tags":false,"css_slug_to_use_on_this_page":false,"custom_css_file":"","allowed_roles":"","allowed_users":false,"region":[],"language":[]},"permalink":"https:\/\/marketplace.synaxon.com\/de\/page\/at-de\/datenschutz\/","yoast_head":"<!-- This site is optimized with the Yoast SEO plugin v27.3 - https:\/\/yoast.com\/product\/yoast-seo-wordpress\/ -->\n<title>Datenschutz - Marketplace Content<\/title>\n<meta name=\"description\" content=\"SYNAXON Marketplace - Alle Informationen zum Datenschutz\" \/>\n<meta name=\"robots\" content=\"index, follow, max-snippet:-1, max-image-preview:large, max-video-preview:-1\" \/>\n<link rel=\"canonical\" href=\"https:\/\/marketplace.synaxon.com\/de\/page\/at-de\/datenschutz\/\" \/>\n<meta property=\"og:locale\" content=\"de_DE\" \/>\n<meta property=\"og:type\" content=\"article\" \/>\n<meta property=\"og:title\" content=\"Datenschutz - Marketplace Content\" \/>\n<meta property=\"og:description\" content=\"SYNAXON Marketplace - Alle Informationen zum Datenschutz\" \/>\n<meta property=\"og:url\" content=\"https:\/\/marketplace.synaxon.com\/de\/page\/at-de\/datenschutz\/\" \/>\n<meta property=\"og:site_name\" content=\"Marketplace Content\" \/>\n<meta property=\"article:modified_time\" content=\"2026-02-13T07:06:39+00:00\" \/>\n<meta name=\"twitter:card\" content=\"summary_large_image\" \/>\n<meta name=\"twitter:label1\" content=\"Est. reading time\" \/>\n\t<meta name=\"twitter:data1\" content=\"9 minutes\" \/>\n<script type=\"application\/ld+json\" class=\"yoast-schema-graph\">{\"@context\":\"https:\\\/\\\/schema.org\",\"@graph\":[{\"@type\":\"WebPage\",\"@id\":\"https:\\\/\\\/marketplace.synaxon.com\\\/de\\\/page\\\/datenschutz\\\/\",\"url\":\"https:\\\/\\\/marketplace.synaxon.com\\\/de\\\/page\\\/datenschutz\\\/\",\"name\":\"Datenschutz - Marketplace Content\",\"isPartOf\":{\"@id\":\"https:\\\/\\\/marketplace.synaxon.com\\\/de\\\/page\\\/#website\"},\"datePublished\":\"2024-01-11T12:02:37+00:00\",\"dateModified\":\"2026-02-13T07:06:39+00:00\",\"description\":\"SYNAXON Marketplace - Alle Informationen zum Datenschutz\",\"breadcrumb\":{\"@id\":\"https:\\\/\\\/marketplace.synaxon.com\\\/de\\\/page\\\/datenschutz\\\/#breadcrumb\"},\"inLanguage\":\"de-AT\",\"potentialAction\":[{\"@type\":\"ReadAction\",\"target\":[\"https:\\\/\\\/marketplace.synaxon.com\\\/de\\\/page\\\/datenschutz\\\/\"]}]},{\"@type\":\"BreadcrumbList\",\"@id\":\"https:\\\/\\\/marketplace.synaxon.com\\\/de\\\/page\\\/datenschutz\\\/#breadcrumb\",\"itemListElement\":[{\"@type\":\"ListItem\",\"position\":1,\"name\":\"Startseite\",\"item\":\"https:\\\/\\\/marketplace.synaxon.com\\\/de\\\/page\\\/\"},{\"@type\":\"ListItem\",\"position\":2,\"name\":\"Datenschutz\"}]},{\"@type\":\"WebSite\",\"@id\":\"https:\\\/\\\/marketplace.synaxon.com\\\/de\\\/page\\\/#website\",\"url\":\"https:\\\/\\\/marketplace.synaxon.com\\\/de\\\/page\\\/\",\"name\":\"SYNAXON Shop\",\"description\":\"\",\"potentialAction\":[{\"@type\":\"SearchAction\",\"target\":{\"@type\":\"EntryPoint\",\"urlTemplate\":\"https:\\\/\\\/marketplace.synaxon.com\\\/de\\\/page\\\/?s={search_term_string}\"},\"query-input\":{\"@type\":\"PropertyValueSpecification\",\"valueRequired\":true,\"valueName\":\"search_term_string\"}}],\"inLanguage\":\"de-AT\"}]}<\/script>\n<!-- \/ Yoast SEO plugin. -->","yoast_head_json":{"title":"Datenschutz - Marketplace Content","description":"SYNAXON Marketplace - Alle Informationen zum Datenschutz","robots":{"index":"index","follow":"follow","max-snippet":"max-snippet:-1","max-image-preview":"max-image-preview:large","max-video-preview":"max-video-preview:-1"},"canonical":"https:\/\/marketplace.synaxon.com\/de\/page\/at-de\/datenschutz\/","og_locale":"de_DE","og_type":"article","og_title":"Datenschutz - Marketplace Content","og_description":"SYNAXON Marketplace - Alle Informationen zum Datenschutz","og_url":"https:\/\/marketplace.synaxon.com\/de\/page\/at-de\/datenschutz\/","og_site_name":"Marketplace Content","article_modified_time":"2026-02-13T07:06:39+00:00","twitter_card":"summary_large_image","twitter_misc":{"Est. reading time":"9 minutes"},"schema":{"@context":"https:\/\/schema.org","@graph":[{"@type":"WebPage","@id":"https:\/\/marketplace.synaxon.com\/de\/page\/datenschutz\/","url":"https:\/\/marketplace.synaxon.com\/de\/page\/datenschutz\/","name":"Datenschutz - Marketplace Content","isPartOf":{"@id":"https:\/\/marketplace.synaxon.com\/de\/page\/#website"},"datePublished":"2024-01-11T12:02:37+00:00","dateModified":"2026-02-13T07:06:39+00:00","description":"SYNAXON Marketplace - Alle Informationen zum Datenschutz","breadcrumb":{"@id":"https:\/\/marketplace.synaxon.com\/de\/page\/datenschutz\/#breadcrumb"},"inLanguage":"de-AT","potentialAction":[{"@type":"ReadAction","target":["https:\/\/marketplace.synaxon.com\/de\/page\/datenschutz\/"]}]},{"@type":"BreadcrumbList","@id":"https:\/\/marketplace.synaxon.com\/de\/page\/datenschutz\/#breadcrumb","itemListElement":[{"@type":"ListItem","position":1,"name":"Startseite","item":"https:\/\/marketplace.synaxon.com\/de\/page\/"},{"@type":"ListItem","position":2,"name":"Datenschutz"}]},{"@type":"WebSite","@id":"https:\/\/marketplace.synaxon.com\/de\/page\/#website","url":"https:\/\/marketplace.synaxon.com\/de\/page\/","name":"SYNAXON Shop","description":"","potentialAction":[{"@type":"SearchAction","target":{"@type":"EntryPoint","urlTemplate":"https:\/\/marketplace.synaxon.com\/de\/page\/?s={search_term_string}"},"query-input":{"@type":"PropertyValueSpecification","valueRequired":true,"valueName":"search_term_string"}}],"inLanguage":"de-AT"}]}},"distance":null,"_links":{"self":[{"href":"https:\/\/marketplace.synaxon.com\/de\/page\/at-de\/wp-json\/wp\/v2\/pages\/186","targetHints":{"allow":["GET"]}}],"collection":[{"href":"https:\/\/marketplace.synaxon.com\/de\/page\/at-de\/wp-json\/wp\/v2\/pages"}],"about":[{"href":"https:\/\/marketplace.synaxon.com\/de\/page\/at-de\/wp-json\/wp\/v2\/types\/page"}],"author":[{"embeddable":true,"href":"https:\/\/marketplace.synaxon.com\/de\/page\/at-de\/wp-json\/wp\/v2\/users\/1196"}],"replies":[{"embeddable":true,"href":"https:\/\/marketplace.synaxon.com\/de\/page\/at-de\/wp-json\/wp\/v2\/comments?post=186"}],"version-history":[{"count":0,"href":"https:\/\/marketplace.synaxon.com\/de\/page\/at-de\/wp-json\/wp\/v2\/pages\/186\/revisions"}],"wp:attachment":[{"href":"https:\/\/marketplace.synaxon.com\/de\/page\/at-de\/wp-json\/wp\/v2\/media?parent=186"}],"curies":[{"name":"wp","href":"https:\/\/api.w.org\/{rel}","templated":true}]}}