{"id":153,"date":"2024-01-11T11:18:56","date_gmt":"2024-01-11T10:18:56","guid":{"rendered":"https:\/\/cms.internal.synaxon.de\/synaxon-shop\/?page_id=153"},"modified":"2026-01-12T11:58:04","modified_gmt":"2026-01-12T10:58:04","slug":"impressum","status":"publish","type":"page","link":"https:\/\/marketplace.synaxon.com\/de\/page\/at-de\/impressum\/","title":{"rendered":"Impressum"},"content":{"rendered":"<div class=\"wpb-content-wrapper\"><div class=\"vc_row wpb_row vc_row-fluid header-base\"><\/div><div class=\"vc_row wpb_row vc_row-fluid header-base\"><div class=\"container wpb_column vc_column_container vc_col-sm-12\"><div class=\"vc_column-inner\"><div class=\"wpb_wrapper\">\n<div class=\"wpb_text_column wpb_content_element  vc_custom_1764586171468\" >\n<div class=\"wpb_wrapper\">\n<h1>Impressum<\/h1>\n\n<\/div>\n<\/div>\n\n<div class=\"wpb_text_column wpb_content_element  vc_custom_1765953521075\" >\n<div class=\"wpb_wrapper\">\n<p>Die SYNAXON Austria GmbH ist eine 100%-ige Tochtergesellschaft der SYNAXON AG.<\/p>\n\n<\/div>\n<\/div>\n<\/div><\/div><\/div><\/div><div class=\"vc_row wpb_row vc_row-fluid spacing\"><div class=\"wpb_column vc_column_container vc_col-sm-12 vc_col-lg-8 vc_col-xs-12\"><div class=\"vc_column-inner\"><div class=\"wpb_wrapper\"><div class=\"vc_row wpb_row vc_inner vc_row-fluid\"><div class=\"mb-10 wpb_column vc_column_container vc_col-sm-4\"><div class=\"vc_column-inner\"><div class=\"wpb_wrapper\">\n<div class=\"wpb_text_column wpb_content_element\" >\n<div class=\"wpb_wrapper\">\n<p><strong>Gesch\u00e4ftszeiten<\/strong><\/p>\n<p>Montag &#8211; Freitag<\/p>\n<p>09:00 &#8211; 17:00 Uhr<\/p>\n\n<\/div>\n<\/div>\n<\/div><\/div><\/div><div class=\"mb-10 wpb_column vc_column_container vc_col-sm-4\"><div class=\"vc_column-inner\"><div class=\"wpb_wrapper\">\n<div class=\"wpb_text_column wpb_content_element  vc_custom_1768215346161\" >\n<div class=\"wpb_wrapper\">\n<p><strong>Kontakt<\/strong><\/p>\n<p><strong>Telefon:<\/strong> +43 1 36116002<\/p>\n<p><strong>Email:<\/strong> <a href=\"https:\/\/marketplace.synaxon.com\/de\/page\/at-de\/mailto\/?mailer_id=vertrieb-at\" target=\"_blank\" rel=\"noopener\">vertrieb-at@synaxon.com<\/a><\/p>\n\n<\/div>\n<\/div>\n<\/div><\/div><\/div><div class=\"mb-10 wpb_column vc_column_container vc_col-sm-4\"><div class=\"vc_column-inner\"><div class=\"wpb_wrapper\">\n<div class=\"wpb_text_column wpb_content_element  vc_custom_1768215367240\" >\n<div class=\"wpb_wrapper\">\n<p><strong>Adresse<\/strong><\/p>\n<p>The Icon Vienna<\/p>\n<p>Tower 24, 3rd Floor<\/p>\n<p>Wiedner G\u00fcrtel 13<\/p>\n<p><span style=\"font-weight: 400;\">1100 Wien<\/span><\/p>\n<p>\u00d6sterreich<\/p>\n\n<\/div>\n<\/div>\n<\/div><\/div><\/div><\/div><div class=\"vc_row wpb_row vc_inner vc_row-fluid\"><div class=\"mb-10 wpb_column vc_column_container vc_col-sm-4\"><div class=\"vc_column-inner\"><div class=\"wpb_wrapper\">\n<div class=\"wpb_text_column wpb_content_element\" >\n<div class=\"wpb_wrapper\">\n<p><strong>Gesch\u00e4ftsf\u00fchrer<\/strong><\/p>\n<p>Markus Rex<\/p>\n<p>Miguel Rodriguez Ega\u00f1a<\/p>\n\n<\/div>\n<\/div>\n<\/div><\/div><\/div><div class=\"mb-10 wpb_column vc_column_container vc_col-sm-4\"><div class=\"vc_column-inner\"><div class=\"wpb_wrapper\">\n<div class=\"wpb_text_column wpb_content_element\" >\n<div class=\"wpb_wrapper\">\n<p><strong>Rechtliches<\/strong><\/p>\n<p>FN: 664598 a<\/p>\n<p>FB-Gericht: Handelsgericht Wien<\/p>\n<p>UST ID Nr. ATU82718908<\/p>\n\n<\/div>\n<\/div>\n<\/div><\/div><\/div><div class=\"mb-10 wpb_column vc_column_container vc_col-sm-4\"><div class=\"vc_column-inner\"><div class=\"wpb_wrapper\">\n<div class=\"wpb_text_column wpb_content_element\" >\n<div class=\"wpb_wrapper\">\n<p><strong>Bankverbindung<\/strong><\/p>\n<p>Deutsche Bank<\/p>\n<p>SWIFT-BIC: DEUTATWW<\/p>\n<p>IBAN: AT 0519 1000 0033 3870 00<\/p>\n\n<\/div>\n<\/div>\n<\/div><\/div><\/div><\/div><\/div><\/div><\/div><\/div><\/div>","protected":false},"excerpt":{"rendered":"Impressum Die SYNAXON Austria GmbH ist eine 100%-ige Tochtergesellschaft der SYNAXON AG. Gesch\u00e4ftszeiten Montag - Freitag 09:00 - 17:00 Uhr Kontakt Telefon: +43 1 36116002 Email: vertrieb-at@synaxon.com Adresse The Icon Vienna Tower 24, 3rd Floor Wiedner G\u00fcrtel 13 1100 Wien \u00d6sterreich Gesch\u00e4ftsf\u00fchrer Markus Rex Miguel Rodriguez Ega\u00f1a Rechtliches FN: 664598 a FB-Gericht: Handelsgericht Wien UST [...]","protected":false},"author":1235,"featured_media":0,"parent":0,"menu_order":0,"comment_status":"closed","ping_status":"closed","template":"","meta":{"_acf_changed":false,"footnotes":""},"class_list":["post-153","page","type-page","status-publish","hentry"],"acf":{"show_title":true,"headline":"Impressum","sub_headline":"","hero_bulletpoints":false,"body_id":"","body_class":"","main_content_class":"","header_name":"","footer_name":"","header_tags":false,"css_slug_to_use_on_this_page":false,"custom_css_file":"","allowed_roles":"","allowed_users":false,"region":[],"language":[]},"permalink":"https:\/\/marketplace.synaxon.com\/de\/page\/at-de\/impressum\/","yoast_head":"<!-- This site is optimized with the Yoast SEO plugin v27.3 - https:\/\/yoast.com\/product\/yoast-seo-wordpress\/ -->\n<title>Impressum - Marketplace Content<\/title>\n<meta name=\"robots\" content=\"noindex, nofollow\" \/>\n<meta property=\"og:locale\" content=\"de_DE\" \/>\n<meta property=\"og:type\" content=\"article\" \/>\n<meta property=\"og:title\" content=\"Impressum - Marketplace Content\" \/>\n<meta property=\"og:url\" content=\"https:\/\/marketplace.synaxon.com\/de\/page\/at-de\/impressum\/\" \/>\n<meta property=\"og:site_name\" content=\"Marketplace Content\" \/>\n<meta property=\"article:modified_time\" content=\"2026-01-12T10:58:04+00:00\" \/>\n<meta name=\"twitter:card\" content=\"summary_large_image\" \/>\n<meta name=\"twitter:label1\" content=\"Est. reading time\" \/>\n\t<meta name=\"twitter:data1\" content=\"1 minute\" \/>\n<script type=\"application\/ld+json\" class=\"yoast-schema-graph\">{\"@context\":\"https:\\\/\\\/schema.org\",\"@graph\":[{\"@type\":\"WebPage\",\"@id\":\"https:\\\/\\\/marketplace.synaxon.com\\\/de\\\/page\\\/impressum\\\/\",\"url\":\"https:\\\/\\\/marketplace.synaxon.com\\\/de\\\/page\\\/impressum\\\/\",\"name\":\"Impressum - Marketplace Content\",\"isPartOf\":{\"@id\":\"https:\\\/\\\/marketplace.synaxon.com\\\/de\\\/page\\\/#website\"},\"datePublished\":\"2024-01-11T10:18:56+00:00\",\"dateModified\":\"2026-01-12T10:58:04+00:00\",\"breadcrumb\":{\"@id\":\"https:\\\/\\\/marketplace.synaxon.com\\\/de\\\/page\\\/impressum\\\/#breadcrumb\"},\"inLanguage\":\"de-AT\",\"potentialAction\":[{\"@type\":\"ReadAction\",\"target\":[\"https:\\\/\\\/marketplace.synaxon.com\\\/de\\\/page\\\/impressum\\\/\"]}]},{\"@type\":\"BreadcrumbList\",\"@id\":\"https:\\\/\\\/marketplace.synaxon.com\\\/de\\\/page\\\/impressum\\\/#breadcrumb\",\"itemListElement\":[{\"@type\":\"ListItem\",\"position\":1,\"name\":\"Startseite\",\"item\":\"https:\\\/\\\/marketplace.synaxon.com\\\/de\\\/page\\\/\"},{\"@type\":\"ListItem\",\"position\":2,\"name\":\"Impressum\"}]},{\"@type\":\"WebSite\",\"@id\":\"https:\\\/\\\/marketplace.synaxon.com\\\/de\\\/page\\\/#website\",\"url\":\"https:\\\/\\\/marketplace.synaxon.com\\\/de\\\/page\\\/\",\"name\":\"SYNAXON Shop\",\"description\":\"\",\"potentialAction\":[{\"@type\":\"SearchAction\",\"target\":{\"@type\":\"EntryPoint\",\"urlTemplate\":\"https:\\\/\\\/marketplace.synaxon.com\\\/de\\\/page\\\/?s={search_term_string}\"},\"query-input\":{\"@type\":\"PropertyValueSpecification\",\"valueRequired\":true,\"valueName\":\"search_term_string\"}}],\"inLanguage\":\"de-AT\"}]}<\/script>\n<!-- \/ Yoast SEO plugin. -->","yoast_head_json":{"title":"Impressum - Marketplace Content","robots":{"index":"noindex","follow":"nofollow"},"og_locale":"de_DE","og_type":"article","og_title":"Impressum - Marketplace Content","og_url":"https:\/\/marketplace.synaxon.com\/de\/page\/at-de\/impressum\/","og_site_name":"Marketplace Content","article_modified_time":"2026-01-12T10:58:04+00:00","twitter_card":"summary_large_image","twitter_misc":{"Est. reading time":"1 minute"},"schema":{"@context":"https:\/\/schema.org","@graph":[{"@type":"WebPage","@id":"https:\/\/marketplace.synaxon.com\/de\/page\/impressum\/","url":"https:\/\/marketplace.synaxon.com\/de\/page\/impressum\/","name":"Impressum - Marketplace Content","isPartOf":{"@id":"https:\/\/marketplace.synaxon.com\/de\/page\/#website"},"datePublished":"2024-01-11T10:18:56+00:00","dateModified":"2026-01-12T10:58:04+00:00","breadcrumb":{"@id":"https:\/\/marketplace.synaxon.com\/de\/page\/impressum\/#breadcrumb"},"inLanguage":"de-AT","potentialAction":[{"@type":"ReadAction","target":["https:\/\/marketplace.synaxon.com\/de\/page\/impressum\/"]}]},{"@type":"BreadcrumbList","@id":"https:\/\/marketplace.synaxon.com\/de\/page\/impressum\/#breadcrumb","itemListElement":[{"@type":"ListItem","position":1,"name":"Startseite","item":"https:\/\/marketplace.synaxon.com\/de\/page\/"},{"@type":"ListItem","position":2,"name":"Impressum"}]},{"@type":"WebSite","@id":"https:\/\/marketplace.synaxon.com\/de\/page\/#website","url":"https:\/\/marketplace.synaxon.com\/de\/page\/","name":"SYNAXON Shop","description":"","potentialAction":[{"@type":"SearchAction","target":{"@type":"EntryPoint","urlTemplate":"https:\/\/marketplace.synaxon.com\/de\/page\/?s={search_term_string}"},"query-input":{"@type":"PropertyValueSpecification","valueRequired":true,"valueName":"search_term_string"}}],"inLanguage":"de-AT"}]}},"distance":null,"_links":{"self":[{"href":"https:\/\/marketplace.synaxon.com\/de\/page\/at-de\/wp-json\/wp\/v2\/pages\/153","targetHints":{"allow":["GET"]}}],"collection":[{"href":"https:\/\/marketplace.synaxon.com\/de\/page\/at-de\/wp-json\/wp\/v2\/pages"}],"about":[{"href":"https:\/\/marketplace.synaxon.com\/de\/page\/at-de\/wp-json\/wp\/v2\/types\/page"}],"author":[{"embeddable":true,"href":"https:\/\/marketplace.synaxon.com\/de\/page\/at-de\/wp-json\/wp\/v2\/users\/1235"}],"replies":[{"embeddable":true,"href":"https:\/\/marketplace.synaxon.com\/de\/page\/at-de\/wp-json\/wp\/v2\/comments?post=153"}],"version-history":[{"count":0,"href":"https:\/\/marketplace.synaxon.com\/de\/page\/at-de\/wp-json\/wp\/v2\/pages\/153\/revisions"}],"wp:attachment":[{"href":"https:\/\/marketplace.synaxon.com\/de\/page\/at-de\/wp-json\/wp\/v2\/media?parent=153"}],"curies":[{"name":"wp","href":"https:\/\/api.w.org\/{rel}","templated":true}]}}